{"id":17,"date":"2022-01-06T14:35:51","date_gmt":"2022-01-06T14:35:51","guid":{"rendered":"https:\/\/phenomexotic.de\/?page_id=17"},"modified":"2026-02-13T18:03:15","modified_gmt":"2026-02-13T18:03:15","slug":"linktree","status":"publish","type":"page","link":"https:\/\/phenomexotic.de\/","title":{"rendered":"linktree"},"content":{"rendered":"\n<div class=\"wp-block-columns is-layout-flex wp-container-core-columns-is-layout-9d6595d7 wp-block-columns-is-layout-flex\">\n<div class=\"wp-block-column is-vertically-aligned-center is-layout-flow wp-block-column-is-layout-flow\" style=\"flex-basis:33.33%\"><div class=\"wp-block-image is-style-twentytwentyone-image-frame is-style-rounded\">\n<figure class=\"alignright size-thumbnail\"><img loading=\"lazy\" decoding=\"async\" width=\"150\" height=\"150\" src=\"https:\/\/phenomexotic.de\/wp-content\/uploads\/2022\/01\/cropped-Portraits-gegen-Homophobie-1-von-1-150x150.png\" alt=\"\" class=\"wp-image-21\" srcset=\"https:\/\/phenomexotic.de\/wp-content\/uploads\/2022\/01\/cropped-Portraits-gegen-Homophobie-1-von-1-150x150.png 150w, https:\/\/phenomexotic.de\/wp-content\/uploads\/2022\/01\/cropped-Portraits-gegen-Homophobie-1-von-1-300x300.png 300w, https:\/\/phenomexotic.de\/wp-content\/uploads\/2022\/01\/cropped-Portraits-gegen-Homophobie-1-von-1-480x480.png 480w, https:\/\/phenomexotic.de\/wp-content\/uploads\/2022\/01\/cropped-Portraits-gegen-Homophobie-1-von-1-270x270.png 270w, https:\/\/phenomexotic.de\/wp-content\/uploads\/2022\/01\/cropped-Portraits-gegen-Homophobie-1-von-1-192x192.png 192w, https:\/\/phenomexotic.de\/wp-content\/uploads\/2022\/01\/cropped-Portraits-gegen-Homophobie-1-von-1-180x180.png 180w, https:\/\/phenomexotic.de\/wp-content\/uploads\/2022\/01\/cropped-Portraits-gegen-Homophobie-1-von-1-32x32.png 32w, https:\/\/phenomexotic.de\/wp-content\/uploads\/2022\/01\/cropped-Portraits-gegen-Homophobie-1-von-1.png 512w\" sizes=\"auto, (max-width: 150px) 100vw, 150px\" \/><\/figure>\n<\/div><\/div>\n\n\n\n<div class=\"wp-block-column is-vertically-aligned-center is-layout-flow wp-block-column-is-layout-flow\">\n<p><strong>Daniel Herold<\/strong><\/p>\n\n\n\n<p>Krankenpfleger, Gewerkschafter, Fotograf, Trainer, Gay, Espresso-nist, Dresdner, Azoren.<\/p>\n\n\n\n<p><em>Durch soziale Medien und die schnelle M\u00f6glichkeit f\u00fcr alles und jeden Webseiten anzulegen, findest du hier einen kleinen Wegweiser zu meinen Webseiten, Profilen und aktuellen Themen. Auf dieser und den folgenden Seiten geht es ausschlie\u00dflich um mich als Privatperson.<\/em><\/p>\n<\/div>\n<\/div>\n\n\n\n<hr class=\"wp-block-separator has-css-opacity is-style-wide\"\/>\n\n\n\n<h2 class=\"wp-block-heading has-text-align-center has-background\" style=\"background-color:#6f8f6a\">Fotografie<\/h2>\n\n\n\n\n\n<div class=\"wp-block-columns is-layout-flex wp-container-core-columns-is-layout-9d6595d7 wp-block-columns-is-layout-flex\">\n<div class=\"wp-block-column is-vertically-aligned-center is-layout-flow wp-block-column-is-layout-flow\" style=\"flex-basis:66.66%\">\n<h3 class=\"wp-block-heading\">Ich fotografiere, um die Zeit anzuhalten \u2013 f\u00fcr mich, f\u00fcr dich, f\u00fcr das, was bleibt.<\/h3>\n\n\n\n<p><a href=\"http:\/\/shop.phenomexotic.de\" data-type=\"link\" data-id=\"shop.phenomexotic.de\" target=\"_blank\" rel=\"noreferrer noopener\">shop.phenomexotic.de<\/a><\/p>\n<\/div>\n\n\n\n<div class=\"wp-block-column is-vertically-aligned-center is-layout-flow wp-block-column-is-layout-flow\" style=\"flex-basis:33.33%\"><div class=\"wp-block-image is-style-twentytwentyone-image-frame\">\n<figure class=\"aligncenter size-full\"><img loading=\"lazy\" decoding=\"async\" width=\"981\" height=\"900\" src=\"https:\/\/phenomexotic.de\/wp-content\/uploads\/2026\/02\/shop-phenomexotic-screenshot.png\" alt=\"\" class=\"wp-image-461976\" srcset=\"https:\/\/phenomexotic.de\/wp-content\/uploads\/2026\/02\/shop-phenomexotic-screenshot.png 981w, https:\/\/phenomexotic.de\/wp-content\/uploads\/2026\/02\/shop-phenomexotic-screenshot-300x275.png 300w, https:\/\/phenomexotic.de\/wp-content\/uploads\/2026\/02\/shop-phenomexotic-screenshot-768x705.png 768w, https:\/\/phenomexotic.de\/wp-content\/uploads\/2026\/02\/shop-phenomexotic-screenshot-720x661.png 720w\" sizes=\"auto, (max-width: 981px) 100vw, 981px\" \/><\/figure>\n<\/div><\/div>\n<\/div>\n\n\n\n<h2 class=\"wp-block-heading has-text-align-center has-cyan-bluish-gray-background-color has-background\">Adipositas<\/h2>\n\n\n<div class=\"wp-block-image is-style-twentytwentyone-image-frame\">\n<figure class=\"aligncenter\"><a href=\"https:\/\/platzfuerzwei.de\"><img loading=\"lazy\" decoding=\"async\" width=\"1024\" height=\"683\" src=\"https:\/\/phenomexotic.de\/wp-content\/uploads\/2022\/01\/ELLEN-Welcome-to-me-1-von-1-1024x683.png\" alt=\"\" class=\"wp-image-24\" srcset=\"https:\/\/phenomexotic.de\/wp-content\/uploads\/2022\/01\/ELLEN-Welcome-to-me-1-von-1-1024x683.png 1024w, https:\/\/phenomexotic.de\/wp-content\/uploads\/2022\/01\/ELLEN-Welcome-to-me-1-von-1-300x200.png 300w, https:\/\/phenomexotic.de\/wp-content\/uploads\/2022\/01\/ELLEN-Welcome-to-me-1-von-1-768x512.png 768w, https:\/\/phenomexotic.de\/wp-content\/uploads\/2022\/01\/ELLEN-Welcome-to-me-1-von-1-480x320.png 480w, https:\/\/phenomexotic.de\/wp-content\/uploads\/2022\/01\/ELLEN-Welcome-to-me-1-von-1-960x641.png 960w, https:\/\/phenomexotic.de\/wp-content\/uploads\/2022\/01\/ELLEN-Welcome-to-me-1-von-1.png 1280w\" sizes=\"auto, (max-width: 1024px) 100vw, 1024px\" \/><\/a><figcaption class=\"wp-element-caption\">2018 habe ich mit meinem dicksten Projekt angefangen: 100 Kilo abspecken. Auf meinem pers\u00f6nlichen Blog platzfuerzwei.de berichte ich regelm\u00e4\u00dfig \u00fcber die Abs und Aufs, die innere Zerrissenheit und den enormen Erfolg, den eine solche Transformation mit sich bringt. Dabei lasse ich auch die R\u00fcckschl\u00e4ge und Misserfolge nicht au\u00dfer acht.<\/figcaption><\/figure>\n<\/div>\n\n\n<h3 class=\"wp-block-heading has-text-align-center has-text-color has-link-color wp-elements-f7da35aed29499484575924439008868\" style=\"color:#e9b44c\">Aktuelle Beitr\u00e4ge von meinem Adipositas-Blog<\/h3>\n\n\n<ul class=\"is-grid columns-3 has-dates has-excerpts wp-block-rss\"><li class='wp-block-rss__item'><div class='wp-block-rss__item-title'><a href='https:\/\/platzfuerzwei.de\/zwischenfazit-5-monate-wegovy-10-kilo-abgenommen-essverhalten-bessert-sich\/'>Zwischenfazit: 5 Monate Wegovy, 10 Kilo abgenommen, Essverhalten bessert sich<\/a><\/div><time datetime=\"2025-03-22T13:09:22+00:00\" class=\"wp-block-rss__item-publish-date\">M\u00e4rz 22, 2025<\/time> <div class=\"wp-block-rss__item-excerpt\">Fast ein halbes Jahr nehme ich w\u00f6chentlich Wegovy in enger Absprache mit meiner Hausarztpraxis. Dabei weichen wir aktuell vom Regelplan der Dosierung ab und lassen \u2026<\/div><\/li><li class='wp-block-rss__item'><div class='wp-block-rss__item-title'><a href='https:\/\/platzfuerzwei.de\/zwischenfazit-wegovy-nach-3-monaten-erste-gewichtsreduktion\/'>Zwischenfazit Wegovy: nach 3 Monaten erste Gewichtsreduktion<\/a><\/div><time datetime=\"2025-02-09T21:02:29+00:00\" class=\"wp-block-rss__item-publish-date\">Februar 9, 2025<\/time> <div class=\"wp-block-rss__item-excerpt\">Seit drei Monaten nehme ich w\u00f6chentlich Wegovy. Die Dosis wurde w\u00f6chentlich gesteigert: 0,25mg, 0,5mg, 1,0mg und 1,7mg. Bei genau dieser Dosis bin ich aktuell und \u2026<\/div><\/li><li class='wp-block-rss__item'><div class='wp-block-rss__item-title'><a href='https:\/\/platzfuerzwei.de\/wie-die-sportroutine-zurueck-kam\/'>Wie die Sportroutine zur\u00fcck kam<\/a><\/div><time datetime=\"2024-10-23T22:53:00+00:00\" class=\"wp-block-rss__item-publish-date\">Oktober 23, 2024<\/time> <div class=\"wp-block-rss__item-excerpt\">Eigentlich versuche ich seit Corona wieder eine solide und regelm\u00e4\u00dfige Sportroutine zu entwickeln. Die einzige Konstante dabei war mein 1-2 monatliches Personal Training mit Tobias. \u2026<\/div><\/li><\/ul>","protected":false},"excerpt":{"rendered":"<p>Daniel Herold Krankenpfleger, Gewerkschafter, Fotograf, Trainer, Gay, Espresso-nist, Dresdner, Azoren. Durch soziale Medien und die schnelle M\u00f6glichkeit f\u00fcr alles und jeden Webseiten anzulegen, findest du hier einen kleinen Wegweiser zu meinen Webseiten, Profilen und aktuellen Themen. Auf dieser und den folgenden Seiten geht es ausschlie\u00dflich um mich als Privatperson. Fotografie Online-Galerien made by Piwigo Viele [&hellip;]<\/p>\n","protected":false},"author":1,"featured_media":0,"parent":0,"menu_order":0,"comment_status":"closed","ping_status":"closed","template":"","meta":{"footnotes":""},"class_list":["post-17","page","type-page","status-publish","hentry"],"_links":{"self":[{"href":"https:\/\/phenomexotic.de\/index.php?rest_route=\/wp\/v2\/pages\/17","targetHints":{"allow":["GET"]}}],"collection":[{"href":"https:\/\/phenomexotic.de\/index.php?rest_route=\/wp\/v2\/pages"}],"about":[{"href":"https:\/\/phenomexotic.de\/index.php?rest_route=\/wp\/v2\/types\/page"}],"author":[{"embeddable":true,"href":"https:\/\/phenomexotic.de\/index.php?rest_route=\/wp\/v2\/users\/1"}],"replies":[{"embeddable":true,"href":"https:\/\/phenomexotic.de\/index.php?rest_route=%2Fwp%2Fv2%2Fcomments&post=17"}],"version-history":[{"count":7,"href":"https:\/\/phenomexotic.de\/index.php?rest_route=\/wp\/v2\/pages\/17\/revisions"}],"predecessor-version":[{"id":461979,"href":"https:\/\/phenomexotic.de\/index.php?rest_route=\/wp\/v2\/pages\/17\/revisions\/461979"}],"wp:attachment":[{"href":"https:\/\/phenomexotic.de\/index.php?rest_route=%2Fwp%2Fv2%2Fmedia&parent=17"}],"curies":[{"name":"wp","href":"https:\/\/api.w.org\/{rel}","templated":true}]}}